{"id":72,"date":"2017-09-20T20:14:18","date_gmt":"2017-09-20T18:14:18","guid":{"rendered":"http:\/\/cf.diefreunds.com\/?page_id=72"},"modified":"2023-03-18T17:08:25","modified_gmt":"2023-03-18T16:08:25","slug":"willkommen","status":"publish","type":"page","link":"https:\/\/christine-freund.de\/","title":{"rendered":"Willkommen"},"content":{"rendered":"<h3><strong>Herzlich willkommen<\/strong>,<\/h3>\n<p>ich bin <strong>Christine Freund<\/strong>,<br \/>\n<em>Diplom-Musiklehrerin f\u00fcr Querfl\u00f6te und Elementare Musikp\u00e4dagogik<\/em>.<\/p>\n<p><img loading=\"lazy\" decoding=\"async\" class=\"wp-image-650 size-medium alignnone\" src=\"http:\/\/christine-freund.de\/wp-content\/uploads\/2023\/03\/portrait12-300x300.jpg\" alt=\"\" width=\"300\" height=\"300\" srcset=\"https:\/\/christine-freund.de\/wp-content\/uploads\/2023\/03\/portrait12-300x300.jpg 300w, https:\/\/christine-freund.de\/wp-content\/uploads\/2023\/03\/portrait12-1024x1024.jpg 1024w, https:\/\/christine-freund.de\/wp-content\/uploads\/2023\/03\/portrait12-150x150.jpg 150w, https:\/\/christine-freund.de\/wp-content\/uploads\/2023\/03\/portrait12-768x768.jpg 768w, https:\/\/christine-freund.de\/wp-content\/uploads\/2023\/03\/portrait12-330x330.jpg 330w, https:\/\/christine-freund.de\/wp-content\/uploads\/2023\/03\/portrait12-96x96.jpg 96w, https:\/\/christine-freund.de\/wp-content\/uploads\/2023\/03\/portrait12-648x648.jpg 648w, https:\/\/christine-freund.de\/wp-content\/uploads\/2023\/03\/portrait12-1230x1230.jpg 1230w, https:\/\/christine-freund.de\/wp-content\/uploads\/2023\/03\/portrait12-192x192.jpg 192w, https:\/\/christine-freund.de\/wp-content\/uploads\/2023\/03\/portrait12.jpg 1300w\" sizes=\"auto, (max-width: 300px) 100vw, 300px\" \/><\/p>\n<blockquote><p><strong><em>Die Musik vermag unseren Charakter zu bilden.<br \/>\nIst dem aber so, so ist es klar,<br \/>\ndass wir unsere jungen Leute darin unterrichten m\u00fcssen.<\/em><\/strong><\/p><\/blockquote>\n<p style=\"font-size: 10pt; text-align: right;\"><em>Aristoteles<\/em><\/p>\n","protected":false},"excerpt":{"rendered":"<p>Herzlich willkommen, ich bin Christine Freund, Diplom-Musiklehrerin f\u00fcr Querfl\u00f6te und Elementare Musikp\u00e4dagogik. Die Musik vermag unseren Charakter zu bilden. Ist dem aber so, so ist es klar, dass wir unsere jungen Leute darin unterrichten m\u00fcssen. Aristoteles<\/p>\n","protected":false},"author":1,"featured_media":583,"parent":0,"menu_order":0,"comment_status":"closed","ping_status":"closed","template":"","meta":{"footnotes":""},"class_list":["post-72","page","type-page","status-publish","has-post-thumbnail","hentry"],"_links":{"self":[{"href":"https:\/\/christine-freund.de\/index.php?rest_route=\/wp\/v2\/pages\/72","targetHints":{"allow":["GET"]}}],"collection":[{"href":"https:\/\/christine-freund.de\/index.php?rest_route=\/wp\/v2\/pages"}],"about":[{"href":"https:\/\/christine-freund.de\/index.php?rest_route=\/wp\/v2\/types\/page"}],"author":[{"embeddable":true,"href":"https:\/\/christine-freund.de\/index.php?rest_route=\/wp\/v2\/users\/1"}],"replies":[{"embeddable":true,"href":"https:\/\/christine-freund.de\/index.php?rest_route=%2Fwp%2Fv2%2Fcomments&post=72"}],"version-history":[{"count":10,"href":"https:\/\/christine-freund.de\/index.php?rest_route=\/wp\/v2\/pages\/72\/revisions"}],"predecessor-version":[{"id":670,"href":"https:\/\/christine-freund.de\/index.php?rest_route=\/wp\/v2\/pages\/72\/revisions\/670"}],"wp:featuredmedia":[{"embeddable":true,"href":"https:\/\/christine-freund.de\/index.php?rest_route=\/wp\/v2\/media\/583"}],"wp:attachment":[{"href":"https:\/\/christine-freund.de\/index.php?rest_route=%2Fwp%2Fv2%2Fmedia&parent=72"}],"curies":[{"name":"wp","href":"https:\/\/api.w.org\/{rel}","templated":true}]}}