{"id":2,"date":"2017-09-20T09:27:49","date_gmt":"2017-09-20T09:27:49","guid":{"rendered":"http:\/\/cf.diefreunds.com\/?page_id=2"},"modified":"2023-03-18T17:10:36","modified_gmt":"2023-03-18T16:10:36","slug":"sample-page","status":"publish","type":"page","link":"https:\/\/christine-freund.de\/?page_id=2","title":{"rendered":"\u00dcber mich"},"content":{"rendered":"<h3>Diplom-Musiklehrerin <strong>Christine Freund<\/strong><\/h3>\n<p align=\"left\"><img loading=\"lazy\" decoding=\"async\" class=\"alignleft wp-image-649 size-medium\" src=\"http:\/\/christine-freund.de\/wp-content\/uploads\/2023\/03\/portrait11-300x300.jpg\" alt=\"\" width=\"300\" height=\"300\" srcset=\"https:\/\/christine-freund.de\/wp-content\/uploads\/2023\/03\/portrait11-300x300.jpg 300w, https:\/\/christine-freund.de\/wp-content\/uploads\/2023\/03\/portrait11-1024x1024.jpg 1024w, https:\/\/christine-freund.de\/wp-content\/uploads\/2023\/03\/portrait11-150x150.jpg 150w, https:\/\/christine-freund.de\/wp-content\/uploads\/2023\/03\/portrait11-768x768.jpg 768w, https:\/\/christine-freund.de\/wp-content\/uploads\/2023\/03\/portrait11-330x330.jpg 330w, https:\/\/christine-freund.de\/wp-content\/uploads\/2023\/03\/portrait11-96x96.jpg 96w, https:\/\/christine-freund.de\/wp-content\/uploads\/2023\/03\/portrait11-648x648.jpg 648w, https:\/\/christine-freund.de\/wp-content\/uploads\/2023\/03\/portrait11-1230x1230.jpg 1230w, https:\/\/christine-freund.de\/wp-content\/uploads\/2023\/03\/portrait11-192x192.jpg 192w, https:\/\/christine-freund.de\/wp-content\/uploads\/2023\/03\/portrait11.jpg 1300w\" sizes=\"auto, (max-width: 300px) 100vw, 300px\" \/><\/p>\n<p align=\"left\">Meinen ersten Kontakt mit einem Musikinstrument hatte ich im Alter von 8 Jahren in der Blockfl\u00f6ten AG der Grundschule. Mit dem Querfl\u00f6tenspiel begann ich ein Jahr sp\u00e4ter im Musikverein meines Heimatortes. Dort nahm ich relativ bald an den Proben und Auftritten des Orchesters teil, was meine Musikbegeisterung weiter best\u00e4rkt hat.<\/p>\n<p>Und so wurde mir bald klar, dass ich mein Hobby zum Beruf machen w\u00fcrde. Nach dem Abitur nahm ich das Studium der Instrumentalp\u00e4dagogik mit Hauptfach Querfl\u00f6te auf, an das ich ein Aufbaustudium der Elementaren Musikp\u00e4dagogik anschloss, welches ich mit Auszeichnung absolvierte.<br \/>\nSchon w\u00e4hrend meiner Studienzeit spielte ich in verschiedenen Orchestern und Ensembles im Rhein-Main-Gebiet Querfl\u00f6te und Piccolo und nahm an diversen Meisterkursen teil.<\/p>\n<p>Aktuell unterrichte ich Querfl\u00f6te und Musikalische Fr\u00fcherziehung und bin an der Musikschule im WBZ Ingelheim sowie als selbst\u00e4ndige Querfl\u00f6tenlehrerin t\u00e4tig und halte mich mit regelm\u00e4\u00dfigen Fortbildungen und Kursen, sowohl im spieltechnisch \u2013 instrumentalen, als auch im (musik-) p\u00e4dagogischen Bereich, auf dem neusten Stand.<\/p>\n<p>K\u00fcnstlerisch-musikalisch wirke ich in unterschiedlichen Projektorchestern in der Region mit und konzertiere gemeinsam mit der Pianistin <a href=\"http:\/\/www.pianistin-hummel.de\/\">Sabrina Hummel<\/a> im <a href=\"https:\/\/flutiano.de\/\">Duo Flutiano<\/a>.<\/p>\n<p>Schon fr\u00fch entstand meine Verbindung zur Musik, sowie mir ebenfalls fr\u00fchzeitig klar war, dass ich meinen beruflichen Schwerpunkt auf die musikp\u00e4dagogische Arbeit mit Kindern und Jugendlichen setzen m\u00f6chte. In meiner T\u00e4tigkeit als Musikp\u00e4dagogin, in der ich bereits seit \u00fcber 20 Jahren Erfahrung sammeln konnte, l\u00e4sst sich beides wunderbar vereinen und es erf\u00fcllt mich nach wie vor mit gro\u00dfer Freude mit Kindern aller Altersstufen, sowie Erwachsenen musikalisch zu arbeiten.<\/p>\n<p>&nbsp;<\/p>\n<p>&nbsp;<\/p>\n<blockquote><p><strong><em>Im Wesen der Musik liegt es, Freude zu bereiten.<\/em><\/strong><\/p><\/blockquote>\n<p style=\"font-size: 10pt; text-align: right;\"><em>Aristoteles<\/em><\/p>\n","protected":false},"excerpt":{"rendered":"<p>Diplom-Musiklehrerin Christine Freund Meinen ersten Kontakt mit einem Musikinstrument hatte ich im Alter von 8 Jahren in der Blockfl\u00f6ten AG der Grundschule. Mit dem Querfl\u00f6tenspiel begann ich ein Jahr sp\u00e4ter im Musikverein meines Heimatortes. Dort nahm ich relativ bald an den Proben und Auftritten des Orchesters teil, was meine Musikbegeisterung weiter best\u00e4rkt hat. Und so &hellip; <a href=\"https:\/\/christine-freund.de\/?page_id=2\" class=\"more-link\">Weiterlesen <span class=\"screen-reader-text\">\u00dcber mich<\/span><\/a><\/p>\n","protected":false},"author":2,"featured_media":574,"parent":0,"menu_order":0,"comment_status":"closed","ping_status":"open","template":"","meta":{"footnotes":""},"class_list":["post-2","page","type-page","status-publish","has-post-thumbnail","hentry"],"_links":{"self":[{"href":"https:\/\/christine-freund.de\/index.php?rest_route=\/wp\/v2\/pages\/2","targetHints":{"allow":["GET"]}}],"collection":[{"href":"https:\/\/christine-freund.de\/index.php?rest_route=\/wp\/v2\/pages"}],"about":[{"href":"https:\/\/christine-freund.de\/index.php?rest_route=\/wp\/v2\/types\/page"}],"author":[{"embeddable":true,"href":"https:\/\/christine-freund.de\/index.php?rest_route=\/wp\/v2\/users\/2"}],"replies":[{"embeddable":true,"href":"https:\/\/christine-freund.de\/index.php?rest_route=%2Fwp%2Fv2%2Fcomments&post=2"}],"version-history":[{"count":10,"href":"https:\/\/christine-freund.de\/index.php?rest_route=\/wp\/v2\/pages\/2\/revisions"}],"predecessor-version":[{"id":672,"href":"https:\/\/christine-freund.de\/index.php?rest_route=\/wp\/v2\/pages\/2\/revisions\/672"}],"wp:featuredmedia":[{"embeddable":true,"href":"https:\/\/christine-freund.de\/index.php?rest_route=\/wp\/v2\/media\/574"}],"wp:attachment":[{"href":"https:\/\/christine-freund.de\/index.php?rest_route=%2Fwp%2Fv2%2Fmedia&parent=2"}],"curies":[{"name":"wp","href":"https:\/\/api.w.org\/{rel}","templated":true}]}}